{"id":61,"date":"2020-10-02T13:10:23","date_gmt":"2020-10-02T10:10:23","guid":{"rendered":"http:\/\/ademircelik.com\/de\/?page_id=61"},"modified":"2022-10-04T18:14:44","modified_gmt":"2022-10-04T15:14:44","slug":"startseite","status":"publish","type":"page","link":"https:\/\/ademircelik.com\/de\/","title":{"rendered":"Home"},"content":{"rendered":"\n<div class=\"wp-block-nextend-smartslider3\"><\/div>\n\n\n\n<p><strong>AdD Demir \u00c7elik Tel San. ve Tic. A\u015e,<\/strong> der sich unter den Herstellern von <strong>Kaltwalz-Flachdraht<\/strong> eine respektable Position erarbeitet hat, st\u00e4rkt seine Position in der Branche Tag f\u00fcr Tag und setzt seinen Weg mit festen Schritten fort. Unsere Firma f\u00fcr Kaltwalz-Flachdraht, die sich in <strong>Kapakl\u0131 \/ TEK\u0130RDA\u011e<\/strong> befindet, produziert und verkauft f\u00fcr alle L\u00e4nder der Welt.<\/p>\n\n\n\n<div class=\"wp-block-columns are-vertically-aligned-bottom\">\n<div class=\"wp-block-column is-vertically-aligned-bottom\">\n<figure class=\"wp-block-image size-full\"><img loading=\"lazy\" width=\"704\" height=\"619\" src=\"https:\/\/ademircelik.com\/de\/wp-content\/uploads\/sites\/3\/2020\/10\/titelseite1.jpg\" alt=\"\" class=\"wp-image-24\" srcset=\"https:\/\/ademircelik.com\/de\/wp-content\/uploads\/sites\/3\/2020\/10\/titelseite1.jpg 704w, https:\/\/ademircelik.com\/de\/wp-content\/uploads\/sites\/3\/2020\/10\/titelseite1-300x264.jpg 300w\" sizes=\"(max-width: 704px) 100vw, 704px\" \/><\/figure>\n<\/div>\n\n\n\n<div class=\"wp-block-column is-vertically-aligned-bottom\">\n<figure class=\"wp-block-image size-large is-resized\"><img loading=\"lazy\" src=\"https:\/\/ademircelik.com\/de\/wp-content\/uploads\/sites\/3\/2021\/06\/anaSayfa4.jpg\" alt=\"\" class=\"wp-image-138\" width=\"442\" height=\"331\" srcset=\"https:\/\/ademircelik.com\/de\/wp-content\/uploads\/sites\/3\/2021\/06\/anaSayfa4.jpg 600w, https:\/\/ademircelik.com\/de\/wp-content\/uploads\/sites\/3\/2021\/06\/anaSayfa4-300x225.jpg 300w, https:\/\/ademircelik.com\/de\/wp-content\/uploads\/sites\/3\/2021\/06\/anaSayfa4-465x349.jpg 465w\" sizes=\"(max-width: 442px) 100vw, 442px\" \/><\/figure>\n<\/div>\n\n\n\n<div class=\"wp-block-column is-vertically-aligned-bottom\">\n<figure class=\"wp-block-image size-full\"><img loading=\"lazy\" width=\"704\" height=\"621\" src=\"https:\/\/ademircelik.com\/de\/wp-content\/uploads\/sites\/3\/2020\/10\/titelseite3.jpg\" alt=\"\" class=\"wp-image-26\" srcset=\"https:\/\/ademircelik.com\/de\/wp-content\/uploads\/sites\/3\/2020\/10\/titelseite3.jpg 704w, https:\/\/ademircelik.com\/de\/wp-content\/uploads\/sites\/3\/2020\/10\/titelseite3-300x265.jpg 300w\" sizes=\"(max-width: 704px) 100vw, 704px\" \/><\/figure>\n<\/div>\n<\/div>\n\n\n\n<p><\/p>\n","protected":false},"excerpt":{"rendered":"<p>AdD Demir \u00c7elik Tel San. ve Tic. A\u015e, der sich unter den Herstellern von Kaltwalz-Flachdraht eine respektable Position erarbeitet hat, st\u00e4rkt seine Position in der Branche Tag f\u00fcr Tag und setzt seinen Weg mit festen Schritten fort. Unsere Firma f\u00fcr Kaltwalz-Flachdraht, die sich in Kapakl\u0131 \/ TEK\u0130RDA\u011e befindet, produziert und<span class=\"more-link\"><a href=\"https:\/\/ademircelik.com\/de\/\">Continue Reading<\/a><\/span><\/p>\n","protected":false},"author":1,"featured_media":0,"parent":0,"menu_order":0,"comment_status":"closed","ping_status":"closed","template":"","meta":[],"_links":{"self":[{"href":"https:\/\/ademircelik.com\/de\/wp-json\/wp\/v2\/pages\/61"}],"collection":[{"href":"https:\/\/ademircelik.com\/de\/wp-json\/wp\/v2\/pages"}],"about":[{"href":"https:\/\/ademircelik.com\/de\/wp-json\/wp\/v2\/types\/page"}],"author":[{"embeddable":true,"href":"https:\/\/ademircelik.com\/de\/wp-json\/wp\/v2\/users\/1"}],"replies":[{"embeddable":true,"href":"https:\/\/ademircelik.com\/de\/wp-json\/wp\/v2\/comments?post=61"}],"version-history":[{"count":6,"href":"https:\/\/ademircelik.com\/de\/wp-json\/wp\/v2\/pages\/61\/revisions"}],"predecessor-version":[{"id":139,"href":"https:\/\/ademircelik.com\/de\/wp-json\/wp\/v2\/pages\/61\/revisions\/139"}],"wp:attachment":[{"href":"https:\/\/ademircelik.com\/de\/wp-json\/wp\/v2\/media?parent=61"}],"curies":[{"name":"wp","href":"https:\/\/api.w.org\/{rel}","templated":true}]}}