{"id":38,"date":"2020-10-02T12:58:21","date_gmt":"2020-10-02T09:58:21","guid":{"rendered":"http:\/\/ademircelik.com\/de\/?page_id=38"},"modified":"2021-06-29T18:28:39","modified_gmt":"2021-06-29T15:28:39","slug":"ueber-uns","status":"publish","type":"page","link":"https:\/\/ademircelik.com\/de\/ueber-uns\/","title":{"rendered":"\u00dcber Uns"},"content":{"rendered":"\n<p><strong>AdD Demir \u00c7elik Tel San. ve Tic. A\u015e, das im Bereich Kaltwalz-Flachdraht in der Eisen- und Stahlindustrie t\u00e4tig ist, bedient seine in- und ausl\u00e4ndischen Kunden in seinen modernen Anlagen in Kapakl\u0131 OSB.<\/strong><\/p>\n\n\n\n<figure class=\"wp-block-image size-large\"><img loading=\"lazy\" width=\"1024\" height=\"535\" src=\"https:\/\/ademircelik.com\/de\/wp-content\/uploads\/sites\/3\/2021\/06\/asfaltliOnGorununum-1024x535.jpg\" alt=\"\" class=\"wp-image-127\" srcset=\"https:\/\/ademircelik.com\/de\/wp-content\/uploads\/sites\/3\/2021\/06\/asfaltliOnGorununum-1024x535.jpg 1024w, https:\/\/ademircelik.com\/de\/wp-content\/uploads\/sites\/3\/2021\/06\/asfaltliOnGorununum-300x157.jpg 300w, https:\/\/ademircelik.com\/de\/wp-content\/uploads\/sites\/3\/2021\/06\/asfaltliOnGorununum-768x401.jpg 768w, https:\/\/ademircelik.com\/de\/wp-content\/uploads\/sites\/3\/2021\/06\/asfaltliOnGorununum-1536x803.jpg 1536w, https:\/\/ademircelik.com\/de\/wp-content\/uploads\/sites\/3\/2021\/06\/asfaltliOnGorununum-2048x1070.jpg 2048w, https:\/\/ademircelik.com\/de\/wp-content\/uploads\/sites\/3\/2021\/06\/asfaltliOnGorununum-465x243.jpg 465w, https:\/\/ademircelik.com\/de\/wp-content\/uploads\/sites\/3\/2021\/06\/asfaltliOnGorununum-695x363.jpg 695w\" sizes=\"(max-width: 1024px) 100vw, 1024px\" \/><\/figure>\n\n\n\n<p><strong>Mit hoher Kapazit\u00e4t und pr\u00e4zisen Produktionslinien und Gl\u00fchanlage der neuesten Technologie, auch mit dem technischen  Wissen und den F\u00e4higkeiten von Fachpersonen,  AdD Demir \u00c7elik Tel San. ve Tic. A\u015e ist das Beste von Europa. Dient und w\u00e4chst, indem es an seinen Prinzipien festh\u00e4lt, mit seiner zuverl\u00e4ssigen und stabilen Struktur, AdD A\u015e ist im In- und Ausland anerkannt und f\u00fcr seine hohe Produktionsqualit\u00e4t und -kapazit\u00e4t bekannt.<\/strong><\/p>\n\n\n\n<p><strong>AdD A\u015e produziert haupts\u00e4chlich f\u00fcr T\u00fcr- und Fensterschlie\u00dfsysteme, K\u00fcchen- und Badzubeh\u00f6r, Automobilindustrie und viele andere Branchen; und verkauft an zahlreiche Vertreter in der T\u00fcrkei und im Ausland.<\/strong><\/p>\n\n\n\n<figure class=\"wp-block-image size-large\"><img loading=\"lazy\" width=\"873\" height=\"756\" src=\"https:\/\/ademircelik.com\/de\/wp-content\/uploads\/sites\/3\/2021\/06\/tavHakkimizda.png\" alt=\"\" class=\"wp-image-128\" srcset=\"https:\/\/ademircelik.com\/de\/wp-content\/uploads\/sites\/3\/2021\/06\/tavHakkimizda.png 873w, https:\/\/ademircelik.com\/de\/wp-content\/uploads\/sites\/3\/2021\/06\/tavHakkimizda-300x260.png 300w, https:\/\/ademircelik.com\/de\/wp-content\/uploads\/sites\/3\/2021\/06\/tavHakkimizda-768x665.png 768w, https:\/\/ademircelik.com\/de\/wp-content\/uploads\/sites\/3\/2021\/06\/tavHakkimizda-465x403.png 465w, https:\/\/ademircelik.com\/de\/wp-content\/uploads\/sites\/3\/2021\/06\/tavHakkimizda-577x500.png 577w\" sizes=\"(max-width: 873px) 100vw, 873px\" \/><\/figure>\n","protected":false},"excerpt":{"rendered":"<p>AdD Demir \u00c7elik Tel San. ve Tic. A\u015e, das im Bereich Kaltwalz-Flachdraht in der Eisen- und Stahlindustrie t\u00e4tig ist, bedient seine in- und ausl\u00e4ndischen Kunden in seinen modernen Anlagen in Kapakl\u0131 OSB. Mit hoher Kapazit\u00e4t und pr\u00e4zisen Produktionslinien und Gl\u00fchanlage der neuesten Technologie, auch mit dem technischen Wissen und den<span class=\"more-link\"><a href=\"https:\/\/ademircelik.com\/de\/ueber-uns\/\">Continue Reading<\/a><\/span><\/p>\n","protected":false},"author":1,"featured_media":0,"parent":0,"menu_order":0,"comment_status":"closed","ping_status":"closed","template":"","meta":[],"_links":{"self":[{"href":"https:\/\/ademircelik.com\/de\/wp-json\/wp\/v2\/pages\/38"}],"collection":[{"href":"https:\/\/ademircelik.com\/de\/wp-json\/wp\/v2\/pages"}],"about":[{"href":"https:\/\/ademircelik.com\/de\/wp-json\/wp\/v2\/types\/page"}],"author":[{"embeddable":true,"href":"https:\/\/ademircelik.com\/de\/wp-json\/wp\/v2\/users\/1"}],"replies":[{"embeddable":true,"href":"https:\/\/ademircelik.com\/de\/wp-json\/wp\/v2\/comments?post=38"}],"version-history":[{"count":12,"href":"https:\/\/ademircelik.com\/de\/wp-json\/wp\/v2\/pages\/38\/revisions"}],"predecessor-version":[{"id":150,"href":"https:\/\/ademircelik.com\/de\/wp-json\/wp\/v2\/pages\/38\/revisions\/150"}],"wp:attachment":[{"href":"https:\/\/ademircelik.com\/de\/wp-json\/wp\/v2\/media?parent=38"}],"curies":[{"name":"wp","href":"https:\/\/api.w.org\/{rel}","templated":true}]}}